{"id":884,"date":"2018-08-30T11:26:33","date_gmt":"2018-08-30T09:26:33","guid":{"rendered":"https:\/\/histologie.univ-nantes.fr\/?page_id=884"},"modified":"2018-09-03T17:14:44","modified_gmt":"2018-09-03T15:14:44","slug":"credits-et-mentions-legales","status":"publish","type":"page","link":"https:\/\/histologie.univ-nantes.fr\/?page_id=884","title":{"rendered":"Cr\u00e9dits et mentions l\u00e9gales"},"content":{"rendered":"<h2><span style=\"color: #800080;\"><b>Contenu et objectif<\/b><\/span><\/h2>\n<p>Ce site a \u00e9t\u00e9 r\u00e9alis\u00e9 par l\u2019\u00e9quipe p\u00e9dagogique du service d\u2019Histologie et d\u2019Embryologie avec l\u2019aide du Service de Production de d&#8217;Innovation Num\u00e9rique de l\u2019UFR de M\u00e9decine de Nantes.<\/p>\n<p>L\u2019histologie \u00e9tant une science morphologique, ce site reprend donc \u00e0 partir des pr\u00e9parations histologiques observ\u00e9es en travaux dirig\u00e9es (DFGSM2), des images caract\u00e9ristiques de chaque organe d\u2019int\u00e9r\u00eat. Chaque image est annot\u00e9e par des l\u00e9gendes permettant une reconnaissance ais\u00e9e des diff\u00e9rentes structures et des compl\u00e9ments d\u2019anatomie et de physiologie sont propos\u00e9s.<\/p>\n<p>Les <b><i>objectifs <\/i><\/b>de l\u2019enseignement dispens\u00e9 sont :<\/p>\n<p style=\"padding-left: 30px;\">&#8211; de donner des cl\u00e9s d\u2019aide \u00e0 la reconnaissance des tissus et permettre ainsi un diagnostic diff\u00e9rentiel des coupes d\u2019organes observ\u00e9s,<\/p>\n<p style=\"padding-left: 30px;\">&#8211; d\u2019aider les \u00e9tudiants \u00e0 faire le lien entre la morphologie et la fonction des tissus observ\u00e9s gr\u00e2ce aux annotations et compl\u00e9ments d\u2019information apport\u00e9s,<\/p>\n<p style=\"padding-left: 30px;\">&#8211; de pr\u00e9parer aux enseignements d\u2019anatomie pathologique,<\/p>\n<p style=\"padding-left: 30px;\">&#8211; de servir de r\u00e9f\u00e9rentiel \u00e0 tous les \u00e9tudiants inscrits dans le cursus m\u00e9dical. Si ce site est plus particuli\u00e8rement destin\u00e9 aux aux \u00e9tudiants de DFGSM2, il sera \u00e9galement tr\u00e8s utile aux \u00e9tudiants pr\u00e9parant les \u00c9preuves Classantes Nationales (ECN).<\/p>\n<p>&nbsp;<\/p>\n<hr \/>\n<h2><span style=\"color: #800080;\"><b>Pr\u00e9-requis<\/b><\/span><\/h2>\n<p>Les connaissances de la classification et de l\u2019organisation des principaux tissus de l\u2019organisme ainsi que des principales \u00e9tapes de leur d\u00e9veloppement dispens\u00e9es au cours de l\u2019ann\u00e9e de PACES sont des pr\u00e9-requis n\u00e9cessaires au bon apprentissage du contenu pr\u00e9sent\u00e9 sur ce site.<\/p>\n<p>&nbsp;<\/p>\n<hr \/>\n<h2><span style=\"color: #800080;\"><b>Organisation<\/b><\/span><\/h2>\n<p>L\u2019enseignement d\u2019histologie de DFGSM2 comprend 10 heures de cours magistraux d\u2019histologie g\u00e9n\u00e9rale servant de base aux enseignements dirig\u00e9s et \u00e0 la pr\u00e9paration des modules de sp\u00e9cialit\u00e9. Cet enseignement magistral est dispens\u00e9 en d\u00e9but d\u2019ann\u00e9e universitaire et est suivi de 6 s\u00e9ances de 2 heures de travaux dirig\u00e9es. Des heures d\u2019histologie sp\u00e9cialis\u00e9e sont dispens\u00e9es ensuite dans chacun des modules d\u00e9di\u00e9s aux appareils (reins et voies urinaires, neurosensoriel, immunologie et h\u00e9matologie, appareil respiratoire, appareil digestif).<\/p>\n<hr \/>\n<h2><span style=\"color: #800080;\"><b>Cr\u00e9dit ECTS<\/b><\/span><\/h2>\n<p>2 ECTS<\/p>\n<p>&nbsp;<\/p>\n<hr \/>\n<h2><span style=\"color: #800080;\"><b>Validation des acquis<\/b><\/span><\/h2>\n<ul>\n<li>\u00c9preuve oral\u00a0 (20 minutes)\u00a0: tirage au sort de lames d\u2019histologie \u00e9tudi\u00e9es en travaux pratiques au cours de l\u2019ann\u00e9e et pr\u00e9sentation de ces pr\u00e9parations.<\/li>\n<li>\u00c9preuve \u00e9crite (30 minutes)\u00a0: dossier Progressif correspondant \u00e0 un \u00e9nonc\u00e9 suivi de questions \u00e0 r\u00e9ponses ouvertes courtes. Ces questions pourront \u00eatre en lien avec l\u2019ensemble des enseignements d\u2019histologie dispens\u00e9s au cours de l\u2019ann\u00e9e (cours magistraux et travaux dirig\u00e9es).<\/li>\n<\/ul>\n<p>&nbsp;<\/p>\n<hr \/>\n<h2><span style=\"color: #800080;\"><b>Composition de l&#8217;\u00e9quipe enseignante<\/b><\/span><\/h2>\n<p>Prof. Dominique Heymann (<a href=\"mailto:dominique.heymann@univ-nantes.fr\">dominique.heymann@univ-nantes.fr<\/a>)<\/p>\n<p>Dr Marc Baud\u2019huin (<a href=\"mailto:marc.baudhuin@univ-nantes.fr\">marc.baudhuin@univ-nantes.fr<\/a>)<\/p>\n<p>Dr Philippe Piloquet (<a href=\"mailto:philippe.piloquet@univ-nantes.fr\">philippe.piloquet@univ-nantes.fr<\/a>)<\/p>\n<p>Dr Benjamin Ory (<a href=\"mailto:philippe.piloquet@univ-nantes.fr\">benjamin.ory@univ-nantes.fr<\/a>)<\/p>\n<p>Dr Val\u00e9rie Trichet (<a href=\"mailto:valerie.trichet@univ-nantes.fr\">valerie.trichet@univ-nantes.fr<\/a>)<\/p>\n<p>&nbsp;<\/p>\n<hr \/>\n<h2><span style=\"color: #800080;\"><b>Contacts<\/b><\/span><\/h2>\n<p>Pour toutes questions, remarques ou suggestions, n\u2019h\u00e9sitez pas \u00e0 nous contacter en utilisant et compl\u00e9tant l\u2019item \u00ab\u00a0Laisser un commentaire\u00a0\u00bb\u00a0 disponible \u00e0 la fin de l\u2019onglet \u00abRappel d\u2019Anatomique et de Physiologie\u00bb. Vous pouvez \u00e9galement contacter un ou des membres de l\u2019\u00e9quipe p\u00e9dagogique (courriels ci-dessus).<\/p>\n<p>&nbsp;<\/p>\n<hr \/>\n<h2><span style=\"color: #800080;\"><b>R\u00e9alisation et H\u00e9bergement du site<\/b><\/span><\/h2>\n<p><strong>\u203a Service de Production et d\u2019Innovation Num\u00e9rique en Sant\u00e9 (SPIN-Sant\u00e9)<\/strong> de l\u2019Universit\u00e9 de Nantes<\/p>\n<p>Universit\u00e9 de Nantes \u2013 Facult\u00e9 de Pharmacie<br \/>\n9 rue Bias,\u00a0 BP 61112<br \/>\n44035 Nantes Cedex 1<br \/>\nMail : <a href=\"mailto:spin-sante@univ-nantes.fr\">spin-sante@univ-nantes.fr<\/a><\/p>\n<p>&nbsp;<\/p>\n<hr \/>\n<h2><span style=\"color: #800080;\"><b>Copyright<\/b><\/span><\/h2>\n<p>Les images et les textes pr\u00e9sent\u00e9s sont la propri\u00e9t\u00e9 du laboratoire d\u2019Histologie-Embryologie de l\u2019UFR de M\u00e9decine de Nantes et \u00e0 ce titre ne peuvent \u00eatre utilis\u00e9es \u00e0 des fins commerciales. Pour tout autre utilisation, n\u2019h\u00e9sitez pas \u00e0 contacter l\u2019\u00e9quipe p\u00e9dagogique.<\/p>\n","protected":false},"excerpt":{"rendered":"<p>Contenu et objectif Ce site a \u00e9t\u00e9 r\u00e9alis\u00e9 par l\u2019\u00e9quipe p\u00e9dagogique du service d\u2019Histologie et d\u2019Embryologie avec l\u2019aide du Service de Production de d&#8217;Innovation Num\u00e9rique de l\u2019UFR de M\u00e9decine de Nantes. L\u2019histologie \u00e9tant une science morphologique, ce site reprend donc &hellip; <a class=\"kt-excerpt-readmore more-link\" href=\"https:\/\/histologie.univ-nantes.fr\/?page_id=884\">Lire la suite&#8230;<\/a><\/p>\n","protected":false},"author":2,"featured_media":0,"parent":0,"menu_order":0,"comment_status":"closed","ping_status":"closed","template":"","meta":[],"_links":{"self":[{"href":"https:\/\/histologie.univ-nantes.fr\/index.php?rest_route=\/wp\/v2\/pages\/884"}],"collection":[{"href":"https:\/\/histologie.univ-nantes.fr\/index.php?rest_route=\/wp\/v2\/pages"}],"about":[{"href":"https:\/\/histologie.univ-nantes.fr\/index.php?rest_route=\/wp\/v2\/types\/page"}],"author":[{"embeddable":true,"href":"https:\/\/histologie.univ-nantes.fr\/index.php?rest_route=\/wp\/v2\/users\/2"}],"replies":[{"embeddable":true,"href":"https:\/\/histologie.univ-nantes.fr\/index.php?rest_route=%2Fwp%2Fv2%2Fcomments&post=884"}],"version-history":[{"count":5,"href":"https:\/\/histologie.univ-nantes.fr\/index.php?rest_route=\/wp\/v2\/pages\/884\/revisions"}],"predecessor-version":[{"id":1036,"href":"https:\/\/histologie.univ-nantes.fr\/index.php?rest_route=\/wp\/v2\/pages\/884\/revisions\/1036"}],"wp:attachment":[{"href":"https:\/\/histologie.univ-nantes.fr\/index.php?rest_route=%2Fwp%2Fv2%2Fmedia&parent=884"}],"curies":[{"name":"wp","href":"https:\/\/api.w.org\/{rel}","templated":true}]}}